{"id":5195,"date":"2025-04-03T19:20:54","date_gmt":"2025-04-03T19:20:54","guid":{"rendered":"https:\/\/cftmaritime.com\/?page_id=5195"},"modified":"2025-05-22T17:12:42","modified_gmt":"2025-05-22T17:12:42","slug":"politique-de-livraison","status":"publish","type":"page","link":"https:\/\/cftorverstmarte.com\/?page_id=5195","title":{"rendered":"Politique de livraison"},"content":{"rendered":"\t\t<div data-elementor-type=\"wp-page\" data-elementor-id=\"5195\" class=\"elementor elementor-5195\">\n\t\t\t\t<div class=\"wd-negative-gap elementor-element elementor-element-52b7b474 e-flex e-con-boxed e-con e-parent\" data-id=\"52b7b474\" data-element_type=\"container\">\n\t\t\t\t\t<div class=\"e-con-inner\">\n\t\t\t\t<div class=\"elementor-element elementor-element-3643a23c color-scheme-inherit text-left elementor-widget elementor-widget-text-editor\" data-id=\"3643a23c\" data-element_type=\"widget\" data-widget_type=\"text-editor.default\">\n\t\t\t\t<div class=\"elementor-widget-container\">\n\t\t\t\t\t\t\t\t\t<p>Chez <strong>CFT MARITIME OVERSEAS<\/strong><\/p>\n<p>Nous nous engageons \u00e0 vous offrir une livraison rapide et de qualit\u00e9, effectu\u00e9e par des transporteurs professionnels et exp\u00e9riment\u00e9s. Nous veillons \u00e0 ce que chaque commande soit livr\u00e9e dans de bonnes conditions. En passant une commande sur notre site, vous acceptez les termes de la politique d&rsquo;exp\u00e9dition d\u00e9crite ci-dessous.<\/p>\n<p><!-- \/wp:paragraph --><!-- wp:paragraph --><\/p>\n<p>FRAIS DE PORT<\/p>\n<p>MONTANT : 300 Euro&nbsp;<\/p>\n<p>Partout en Europe<\/p>\n<p>Livraison gratuite en France.<\/p>\n<p><!-- \/wp:paragraph --><!-- wp:paragraph --><\/p>\n<p>HEURE LIMITE DE PASSATION DE COMMANDE ET FUSEAU HORAIRE<br>La date limite pour passer commande est 15h00 (CET).<\/p>\n<p><!-- \/wp:paragraph --><!-- wp:paragraph --><\/p>\n<p>D\u00c9LAI DE TRAITEMENT DE LA COMMANDE&nbsp;<\/p>\n<p><!-- \/wp:paragraph --><!-- wp:paragraph --><\/p>\n<p>Le traitement des commandes prend entre 1 et 2 jours ouvrables.<\/p>\n<p><!-- \/wp:paragraph --><!-- wp:paragraph --><\/p>\n<p><\/p>\n<p><!-- \/wp:paragraph --><!-- wp:paragraph --><\/p>\n<p>D\u00c9LAI DE TRANSIT DE LA COMMANDE&nbsp;<\/p>\n<p><!-- \/wp:paragraph --><!-- wp:paragraph --><\/p>\n<p>Les d\u00e9lais de transit varient entre 5 et 10 jours ouvrables, selon la destination et le volume command\u00e9.<\/p>\n<p><!-- \/wp:paragraph --><!-- wp:paragraph --><\/p>\n<p>CONDITIONS DE LIVRAISON<br>Nous g\u00e9rons directement la livraison de vos conteneurs, garantissant ainsi un service fiable et ponctuel.<\/p>\n<p><!-- \/wp:paragraph --><!-- wp:paragraph --><\/p>\n<p>CHANGEMENT D&rsquo;ADRESSE<br>Une fois la commande en transit, il n&rsquo;est plus possible de modifier l&rsquo;adresse de livraison. Pour toute modification, merci de nous contacter dans les 24h suivant votre commande \u00e0 l&rsquo;adresse&nbsp;<span style=\"font-family: Manrope, Arial, Helvetica, sans-serif; font-size: 15px; font-style: normal; font-variant-ligatures: normal; font-variant-caps: normal; font-weight: 400; text-align: var(--text-align); color: var(--wd-text-color);\">contact@cftmaritime.com<\/span><\/p><p>.<\/p>\n<p><!-- \/wp:paragraph --><!-- wp:paragraph --><\/p>\n<p>ANNULATIONS<\/p>\n<p><!-- \/wp:paragraph --><!-- wp:paragraph --><\/p>\n<p>Les annulations sont possibles \u00e0 tout moment avant l&rsquo;exp\u00e9dition de la commande. Si la commande a d\u00e9j\u00e0 \u00e9t\u00e9 exp\u00e9di\u00e9e, veuillez consulter notre politique de retour et de remboursement.<\/p>\n<p><!-- \/wp:paragraph --><!-- wp:paragraph --><\/p>\n<p>CONTENEUR ENDOMMAG\u00c9 PENDANT LE TRANSPORT<\/p>\n<p><!-- \/wp:paragraph --><!-- wp:paragraph --><\/p>\n<p><\/p>\n<p><!-- \/wp:paragraph --><!-- wp:paragraph --><\/p>\n<p>Si un contenant est endommag\u00e9 pendant le transport, nous vous recommandons de le refuser et de contacter imm\u00e9diatement notre service client. Nous ferons de notre mieux pour vous apporter une solution rapide.<\/p>\n<p><!-- \/wp:paragraph --><!-- wp:paragraph --><\/p>\n<p>Pour toute question compl\u00e9mentaire ou demande sp\u00e9cifique, n&rsquo;h\u00e9sitez pas \u00e0 nous contacter :<\/p>\n<p><!-- \/wp:paragraph --><!-- wp:paragraph --><\/p>\n<p><\/p>\n<p><!-- \/wp:paragraph --><!-- wp:paragraph --><\/p>\n<p><strong>CFT MARITIME OVERSEAS<\/strong><\/p>\n<p>+33 (0) 7 59 92 34 917<br>contact@cftmaritime.com<br>Site internet : www.<a href=\"http:\/\/cftmaritime.com\">cftmaritime.com<\/a><\/p>\n<p><!-- \/wp:paragraph --><\/p>\t\t\t\t\t\t\t\t<\/div>\n\t\t\t\t<\/div>\n\t\t\t\t\t<\/div>\n\t\t\t\t<\/div>\n\t\t\t\t<\/div>\n\t\t","protected":false},"excerpt":{"rendered":"<p>Chez CFT MARITIME OVERSEAS Nous nous engageons \u00e0 vous offrir une livraison rapide et de qualit\u00e9, effectu\u00e9e par des transporteurs<\/p>\n","protected":false},"author":1,"featured_media":0,"parent":0,"menu_order":0,"comment_status":"closed","ping_status":"closed","template":"","meta":{"inline_featured_image":false,"footnotes":""},"class_list":["post-5195","page","type-page","status-publish","hentry"],"_links":{"self":[{"href":"https:\/\/cftorverstmarte.com\/index.php?rest_route=\/wp\/v2\/pages\/5195","targetHints":{"allow":["GET"]}}],"collection":[{"href":"https:\/\/cftorverstmarte.com\/index.php?rest_route=\/wp\/v2\/pages"}],"about":[{"href":"https:\/\/cftorverstmarte.com\/index.php?rest_route=\/wp\/v2\/types\/page"}],"author":[{"embeddable":true,"href":"https:\/\/cftorverstmarte.com\/index.php?rest_route=\/wp\/v2\/users\/1"}],"replies":[{"embeddable":true,"href":"https:\/\/cftorverstmarte.com\/index.php?rest_route=%2Fwp%2Fv2%2Fcomments&post=5195"}],"version-history":[{"count":3,"href":"https:\/\/cftorverstmarte.com\/index.php?rest_route=\/wp\/v2\/pages\/5195\/revisions"}],"predecessor-version":[{"id":11992,"href":"https:\/\/cftorverstmarte.com\/index.php?rest_route=\/wp\/v2\/pages\/5195\/revisions\/11992"}],"wp:attachment":[{"href":"https:\/\/cftorverstmarte.com\/index.php?rest_route=%2Fwp%2Fv2%2Fmedia&parent=5195"}],"curies":[{"name":"wp","href":"https:\/\/api.w.org\/{rel}","templated":true}]}}