{"id":13385,"date":"2025-08-20T10:42:31","date_gmt":"2025-08-20T10:42:31","guid":{"rendered":"https:\/\/www.cftmaritime.com\/?post_type=product&#038;p=13385"},"modified":"2025-08-20T10:42:31","modified_gmt":"2025-08-20T10:42:31","slug":"tiny-house-37m%c2%b2-avec-grande-terrasse","status":"publish","type":"product","link":"https:\/\/cftorverstmarte.com\/?product=tiny-house-37m%c2%b2-avec-grande-terrasse","title":{"rendered":"Tiny House 37m\u00b2 avec Grande terrasse"},"content":{"rendered":"<div id=\"comp-lylqf9hi_r_comp-l2itfe7i_r_comp-l2is8hpe__1164140f-fdb2-041e-0df5-2375b4a4ced5\" class=\"PiVxGu MDrwHQ comp-lylqf9hi_r_comp-l2itfe7i_r_comp-l2is8hpe-container has-click-trigger comp-lylqf9hi_r_comp-l2itfe7i_r_comp-l2is8hpe cwL6XW wixui-box\" dir=\"ltr\" role=\"\">\n<div id=\"comp-lylqf9hi_r_comp-l2itfe7i_r_comp-kquuuy8n__1164140f-fdb2-041e-0df5-2375b4a4ced5\" class=\"Z_l5lU ku3DBC zQ9jDz qvSjx3 Vq6kJx comp-lylqf9hi_r_comp-l2itfe7i_r_comp-kquuuy8n wixui-rich-text\" data-testid=\"richTextElement\"><\/div>\n<div id=\"comp-lylqf9hi_r_comp-l2itfe7i_r_comp-l3smg7wg__1164140f-fdb2-041e-0df5-2375b4a4ced5\" class=\"comp-lylqf9hi_r_comp-l2itfe7i_r_comp-l3smg7wg\" data-semantic-classname=\"button\"><\/div>\n<\/div>\n<div id=\"comp-lylqf9hi_r_comp-l2itfe7i_r_comp-kwezj0j5__1164140f-fdb2-041e-0df5-2375b4a4ced5\" class=\"Z_l5lU ku3DBC zQ9jDz qvSjx3 Vq6kJx comp-lylqf9hi_r_comp-l2itfe7i_r_comp-kwezj0j5 wixui-rich-text\" data-testid=\"richTextElement\">\n<div class=\"font_8 wixui-rich-text__text\">\n<p>Votre tiny-house en container de 37 m\u00b2 &#8211; Beaucoup d&rsquo;espace pour vos r\u00eaves d&rsquo;habitation<\/p>\n<ul>\n<li>Surface : 37\u00a0<strong>m\u00b2<\/strong><\/li>\n<li>Grande terrasse couverte int\u00e9gr\u00e9e avec rambardes<\/li>\n<li><strong>Toiture double pente<\/strong>\u00a0avec finition noire \u00e9l\u00e9gante<\/li>\n<li><strong>Fa\u00e7ade vitr\u00e9e<\/strong>\u00a0avec double porte coulissante centrale<\/li>\n<li>\u00c9clairage d\u2019ambiance inclus sous auvent<\/li>\n<li>Structure renforc\u00e9e avec mat\u00e9riaux aux\u00a0<strong>normes CE<\/strong><\/li>\n<li>Parfaitement\u00a0<strong>isol\u00e9<\/strong>\u00a0pour un usage 4 saisons<\/li>\n<\/ul>\n<p>\ud83c\udf3f\u00a0<strong>Confort &amp; personnalisation :<\/strong><\/p>\n<ul>\n<li>Agencement int\u00e9rieur\u00a0<strong>100 % personnalisable<\/strong>\u00a0(chambres, cuisine, salle de bain)<\/li>\n<li>Possibilit\u00e9 d\u2019ajouter un\u00a0<strong>balcon<\/strong>, des\u00a0<strong>baies vitr\u00e9es panoramiques<\/strong>, ou une\u00a0<strong>avanc\u00e9e<\/strong><\/li>\n<li>Rev\u00eatements ext\u00e9rieurs disponibles :\u00a0<strong>bois, gris anthracite, blanc, sable, terracotta<\/strong><\/li>\n<\/ul>\n<p>Faites l&rsquo;exp\u00e9rience d&rsquo;un habitat moderne avec notre spacieuse tiny-house en container de 37 m\u00b2. Ce concept d&rsquo;habitation bien pens\u00e9 combine une surface habitable g\u00e9n\u00e9reuse avec un design innovant et un confort d&rsquo;habitation maximal. Gr\u00e2ce \u00e0 notre service complet, vous ne devez vous occuper de rien, de la premi\u00e8re planification \u00e0 la livraison cl\u00e9 en main.<\/p>\n<p>&nbsp;<\/p>\n<p>Notre service pour vous<\/p>\n<p>1. Planification individuelle :<\/p>\n<p>Nous d\u00e9veloppons votre tiny house en container personnelle selon vos id\u00e9es. Ensemble, nous cr\u00e9ons un concept d&rsquo;espace sur mesure qui r\u00e9pond \u00e0 vos besoins individuels.<\/p>\n<p>&nbsp;<\/p>\n<p>2. production &amp; qualit\u00e9 :<\/p>\n<p>Nos conteneurs sont fabriqu\u00e9s selon les normes de qualit\u00e9 les plus strictes. Ils sont durables, robustes et respectueux de l&rsquo;environnement &#8211; id\u00e9aux pour une utilisation durable en Allemagne et en Europe.<\/p>\n<p>&nbsp;<\/p>\n<p>3. livraison &amp; montage :<\/p>\n<p>Nous organisons toute la logistique. Votre tiny house en container est livr\u00e9e directement sur votre terrain, install\u00e9e dans les r\u00e8gles de l&rsquo;art et mont\u00e9e de mani\u00e8re professionnelle.<\/p>\n<p>&nbsp;<\/p>\n<p>4. installation &amp; approvisionnement :<\/p>\n<p>Toutes nos maisons disposent de syst\u00e8mes modernes d&rsquo;alimentation en eau et en \u00e9lectricit\u00e9 qui r\u00e9pondent \u00e0 toutes les exigences l\u00e9gales en Allemagne et en Europe. Bien entendu, toutes les licences et certifications n\u00e9cessaires sont incluses.<\/p>\n<p>&nbsp;<\/p>\n<p>5. permis &amp; obligations :<\/p>\n<p>Nous nous occupons \u00e9galement volontiers de tous les permis et obligations n\u00e9cessaires auxquels vous devez satisfaire en tant que propri\u00e9taire de maison. N&rsquo;h\u00e9sitez pas \u00e0 nous \u00e9crire !<\/p>\n<\/div>\n<\/div>\n","protected":false},"excerpt":{"rendered":"<p>Caract\u00e9ristiques de l&rsquo;article<\/p>\n<p>&nbsp;<\/p>\n<p>Nouveau : article neuf, non utilis\u00e9 et non endommag\u00e9 dans son emballage d&rsquo;origine non ouvert (si un emballage est pr\u00e9sent). L&#8217;emballage doit correspondre \u00e0 celui utilis\u00e9 dans le commerce de d\u00e9tail. Exception : l&rsquo;article \u00e9tait \u00e0 l&rsquo;origine emball\u00e9 dans un emballage non destin\u00e9 \u00e0 la vente au d\u00e9tail, par exemple un carton non imprim\u00e9 ou une enveloppe en plastique. Plus de d\u00e9tails dans l&rsquo;offre du vendeur. Voir toutes les d\u00e9finitions de l&rsquo;\u00e9tatOuverture dans une nouvelle fen\u00eatre ou un nouvel onglet<\/p>\n<p>Marque : Sans marque<\/p>\n<p>Type de produit : Maison modulaire<\/p>\n<p>&nbsp;<\/p>\n<p>Particularit\u00e9s<\/p>\n<p>Double fen\u00eatre, Habitat intelligent, Architecture moderne, Conception universelle, Chauffage central\/climatisation<\/p>\n<p>Nombre de chambres \u00e0 coucher : 3<\/p>\n<p>Nombre de salles de bain : 1<\/p>\n<p>Mat\u00e9riaux : plastique, m\u00e9tal<\/p>\n<p>Largeur : 20 ft (5,86\u00a0m\u00e8tre)<\/p>\n<p>Longueur : 20 ft (6,1 m\u00e8tre)<\/p>\n<p>Hauteur : 20 ft (2,55\u00a0m\u00e8tre)<\/p>\n<p>Garantie du fabricant : 5 ans<\/p>\n","protected":false},"featured_media":13397,"comment_status":"open","ping_status":"closed","template":"","meta":{"inline_featured_image":false},"product_brand":[],"product_cat":[144,143,118,122,104],"product_tag":[],"class_list":{"0":"post-13385","1":"product","2":"type-product","3":"status-publish","4":"has-post-thumbnail","6":"product_cat-bungalows-de-construction","7":"product_cat-bungalows-speciaux","8":"product_cat-conteneur-amenage","9":"product_cat-mobil-homes","10":"product_cat-mobile-home","12":"first","13":"instock","14":"sale","15":"taxable","16":"shipping-taxable","17":"purchasable","18":"product-type-simple"},"_links":{"self":[{"href":"https:\/\/cftorverstmarte.com\/index.php?rest_route=\/wp\/v2\/product\/13385","targetHints":{"allow":["GET"]}}],"collection":[{"href":"https:\/\/cftorverstmarte.com\/index.php?rest_route=\/wp\/v2\/product"}],"about":[{"href":"https:\/\/cftorverstmarte.com\/index.php?rest_route=\/wp\/v2\/types\/product"}],"replies":[{"embeddable":true,"href":"https:\/\/cftorverstmarte.com\/index.php?rest_route=%2Fwp%2Fv2%2Fcomments&post=13385"}],"version-history":[{"count":1,"href":"https:\/\/cftorverstmarte.com\/index.php?rest_route=\/wp\/v2\/product\/13385\/revisions"}],"predecessor-version":[{"id":13399,"href":"https:\/\/cftorverstmarte.com\/index.php?rest_route=\/wp\/v2\/product\/13385\/revisions\/13399"}],"wp:featuredmedia":[{"embeddable":true,"href":"https:\/\/cftorverstmarte.com\/index.php?rest_route=\/wp\/v2\/media\/13397"}],"wp:attachment":[{"href":"https:\/\/cftorverstmarte.com\/index.php?rest_route=%2Fwp%2Fv2%2Fmedia&parent=13385"}],"wp:term":[{"taxonomy":"product_brand","embeddable":true,"href":"https:\/\/cftorverstmarte.com\/index.php?rest_route=%2Fwp%2Fv2%2Fproduct_brand&post=13385"},{"taxonomy":"product_cat","embeddable":true,"href":"https:\/\/cftorverstmarte.com\/index.php?rest_route=%2Fwp%2Fv2%2Fproduct_cat&post=13385"},{"taxonomy":"product_tag","embeddable":true,"href":"https:\/\/cftorverstmarte.com\/index.php?rest_route=%2Fwp%2Fv2%2Fproduct_tag&post=13385"}],"curies":[{"name":"wp","href":"https:\/\/api.w.org\/{rel}","templated":true}]}}