{"id":13447,"date":"2025-08-20T19:03:20","date_gmt":"2025-08-20T19:03:20","guid":{"rendered":"https:\/\/www.cftmaritime.com\/?post_type=product&#038;p=13447"},"modified":"2025-08-21T11:59:55","modified_gmt":"2025-08-21T11:59:55","slug":"conteneur-de-stockage-2-x-2-metres-avec-double-porte","status":"publish","type":"product","link":"https:\/\/cftorverstmarte.com\/?product=conteneur-de-stockage-2-x-2-metres-avec-double-porte","title":{"rendered":"Conteneur de stockage 2 x 2 m\u00e8tres \u2013 avec double porte"},"content":{"rendered":"<p>Un container en m\u00e9tal de 2\u00d72 m\u00e8tres convient parfaitement comme conteneur de stockage, le peut \u00eatre utilis\u00e9 pour diff\u00e9rents types de stockage. Le container de stockage en m\u00e9tal de stockage peut \u00eatre utilis\u00e9 pour le stockage de marchandises telles que des stocks et des archives.<\/p>\n<p>Le container en kit pour du stockage peut \u00eatre utilis\u00e9 comme un conteneur de stockage de pneus, par exemple pour un garage ou un concessionnaire automobile. En outre, de nombreux conteneurs en m\u00e9tal de stockage d\u00e9montables sont utilis\u00e9s dans le secteur du self-stockage. Ici, les containers d\u00e9montables domestiques sont utilis\u00e9s pour la localisation et les clients de ces entreprises peuvent utiliser les conteneurs de stockage pour le stockage des biens.<\/p>\n<p>Une autre application des conteneurs en kit de stockage d\u00e9montables est de servir de stockage temporaire, par exemple lors d\u2019un d\u00e9m\u00e9nagement ou d\u2019une r\u00e9novation. Un conteneur d\u00e9montable est une bonne solution en cas de manque (temporaire) d\u2019espace.<\/p>\n<p>En bref, une solution parfaite pour le stockage de mat\u00e9riaux, etc., sur du court ou \u00e0 long terme. Les containers en m\u00e9tal sont s\u00fbrs, de qualit\u00e9 solide et disponibles en plusieurs couleurs et mod\u00e8les.<\/p>\n<p><strong>Caract\u00e9ristiques :<\/strong><\/p>\n<ul>\n<li>Conteneur de stockage m\u00e9tal enti\u00e8rement galvanis\u00e9<\/li>\n<li>Facilement d\u00e9montable, il occupe donc moins de place l\u2019lorsqu\u2019il n\u2019est pas utilis\u00e9<\/li>\n<li>Montage facile<\/li>\n<li>Poteaux et bras d\u2019\u00e9tag\u00e8re \u00ab\u00a0Snap-in\u00a0\u00bb en option<\/li>\n<li>Peinture ext\u00e9rieure en option et la couleur de votre choix<\/li>\n<li>Faible co\u00fbt<\/li>\n<li>Un container en kit de self-stockage est \u00e9quip\u00e9 d\u2019un double syst\u00e8me de verrouillage pour une s\u00e9curit\u00e9 renforc\u00e9e, sans frais suppl\u00e9mentaires<\/li>\n<\/ul>\n<p>Informations compl\u00e9mentaires<\/p>\n<table>\n<tbody>\n<tr>\n<th>Taille<\/th>\n<td>2 x 2 m\u00e8tres (3.7m\u00b2 \/ 6.5 pieds)<\/td>\n<\/tr>\n<tr>\n<th>Types de portes<\/th>\n<td>Double porte sur le c\u00f4t\u00e9 2 m\u00e8tres<\/td>\n<\/tr>\n<tr>\n<th>Couleur<\/th>\n<td>Gris fonc\u00e9 (RAL 7021), Noir (RAL 9005), Bi-colore: Bleu Acier \/ Galvanis\u00e9, Gris anthracite (RAL 7016), Galvanis\u00e9, Vert (RAL 6002), Jaune (RAL 1023), Orange (RAL 2004), Rouge (RAL 3020), Bleu (RAL 5010), Bleu clair (RAL 5012)<\/td>\n<\/tr>\n<tr>\n<th>Taille du colis \u00e0 la livraison<\/th>\n<td>2100 mm x 2200 mm x 300 mm chacun<\/td>\n<\/tr>\n<tr>\n<th>Poids total du colis<\/th>\n<td>+\/- 330 kg<\/td>\n<\/tr>\n<tr>\n<th>Poids de l&rsquo;\u00e9l\u00e9ment le plus lourd (le sol)<\/th>\n<td>+\/- 100 kg<\/td>\n<\/tr>\n<tr>\n<th>Livraison<\/th>\n<td>Par camion semi-remorque 21m et chariot \u00e9l\u00e9vateur<\/td>\n<\/tr>\n<tr>\n<th>Montage<\/th>\n<td>En option, pr\u00e9voir 1 \u00e0 2 personnes sur place<\/td>\n<\/tr>\n<\/tbody>\n<\/table>\n","protected":false},"excerpt":{"rendered":"<p>D\u00e9montable<\/p>\n<p>Dimensions ext\u00e9rieures (LxBxH) : 2 020 x 2 140 x 2 072 mm<\/p>\n<p>Dimensions int\u00e9rieures (LxlxH) : 1 865 x 1 985 x 1 948 mm<\/p>\n<p>Dimensions de la porte : (LxH) : 1 750 (813 + 937 mm) x 1849 mm<\/p>\n<p>S\u00e9paration pour passage de fourches : 850 mm<\/p>\n<p>Construction enti\u00e8rement autoportante, y compris le plancher<\/p>\n","protected":false},"featured_media":13517,"comment_status":"open","ping_status":"closed","template":"","meta":{"inline_featured_image":false},"product_brand":[],"product_cat":[117,214],"product_tag":[],"class_list":{"0":"post-13447","1":"product","2":"type-product","3":"status-publish","4":"has-post-thumbnail","6":"product_cat-containers","7":"product_cat-conteneur-de-stockage","9":"first","10":"instock","11":"taxable","12":"shipping-taxable","13":"purchasable","14":"product-type-simple"},"_links":{"self":[{"href":"https:\/\/cftorverstmarte.com\/index.php?rest_route=\/wp\/v2\/product\/13447","targetHints":{"allow":["GET"]}}],"collection":[{"href":"https:\/\/cftorverstmarte.com\/index.php?rest_route=\/wp\/v2\/product"}],"about":[{"href":"https:\/\/cftorverstmarte.com\/index.php?rest_route=\/wp\/v2\/types\/product"}],"replies":[{"embeddable":true,"href":"https:\/\/cftorverstmarte.com\/index.php?rest_route=%2Fwp%2Fv2%2Fcomments&post=13447"}],"version-history":[{"count":1,"href":"https:\/\/cftorverstmarte.com\/index.php?rest_route=\/wp\/v2\/product\/13447\/revisions"}],"predecessor-version":[{"id":13448,"href":"https:\/\/cftorverstmarte.com\/index.php?rest_route=\/wp\/v2\/product\/13447\/revisions\/13448"}],"wp:featuredmedia":[{"embeddable":true,"href":"https:\/\/cftorverstmarte.com\/index.php?rest_route=\/wp\/v2\/media\/13517"}],"wp:attachment":[{"href":"https:\/\/cftorverstmarte.com\/index.php?rest_route=%2Fwp%2Fv2%2Fmedia&parent=13447"}],"wp:term":[{"taxonomy":"product_brand","embeddable":true,"href":"https:\/\/cftorverstmarte.com\/index.php?rest_route=%2Fwp%2Fv2%2Fproduct_brand&post=13447"},{"taxonomy":"product_cat","embeddable":true,"href":"https:\/\/cftorverstmarte.com\/index.php?rest_route=%2Fwp%2Fv2%2Fproduct_cat&post=13447"},{"taxonomy":"product_tag","embeddable":true,"href":"https:\/\/cftorverstmarte.com\/index.php?rest_route=%2Fwp%2Fv2%2Fproduct_tag&post=13447"}],"curies":[{"name":"wp","href":"https:\/\/api.w.org\/{rel}","templated":true}]}}